{"id":482,"date":"2025-07-29T04:45:16","date_gmt":"2025-07-28T22:45:16","guid":{"rendered":"https:\/\/casaeco.mx\/?page_id=482"},"modified":"2025-07-29T05:12:43","modified_gmt":"2025-07-28T23:12:43","slug":"germina","status":"publish","type":"page","link":"https:\/\/casaeco.mx\/en\/germina\/","title":{"rendered":"Germina"},"content":{"rendered":"<p>[et_pb_section fb_built=&#8221;1&#8243; module_class=&#8221;module&#8221; _builder_version=&#8221;4.27.4&#8243; _module_preset=&#8221;default&#8221; background_color=&#8221;#f9f7e7&#8243; background_enable_image=&#8221;off&#8221; global_colors_info=&#8221;{}&#8221;][et_pb_row _builder_version=&#8221;4.27.4&#8243; _module_preset=&#8221;default&#8221; custom_padding=&#8221;0px||0px||true|false&#8221; global_colors_info=&#8221;{}&#8221;][et_pb_column type=&#8221;4_4&#8243; _builder_version=&#8221;4.27.4&#8243; _module_preset=&#8221;default&#8221; global_colors_info=&#8221;{}&#8221;][et_pb_image src=&#8221;https:\/\/casaeco.mx\/wp-content\/uploads\/2025\/07\/germina.png&#8221; title_text=&#8221;germina&#8221; _builder_version=&#8221;4.27.4&#8243; _module_preset=&#8221;default&#8221; max_width=&#8221;300px&#8221; module_alignment=&#8221;center&#8221; global_colors_info=&#8221;{}&#8221;][\/et_pb_image][\/et_pb_column][\/et_pb_row][\/et_pb_section][et_pb_section fb_built=&#8221;1&#8243; _builder_version=&#8221;4.27.4&#8243; _module_preset=&#8221;default&#8221; background_color=&#8221;#f9f7e7&#8243; hover_enabled=&#8221;0&#8243; border_color_bottom=&#8221;#d8d8d8&#8243; locked=&#8221;off&#8221; global_colors_info=&#8221;{}&#8221; sticky_enabled=&#8221;0&#8243;][et_pb_row _builder_version=&#8221;4.27.4&#8243; _module_preset=&#8221;default&#8221; background_enable_color=&#8221;off&#8221; max_width=&#8221;900px&#8221; module_alignment=&#8221;center&#8221; hover_enabled=&#8221;0&#8243; global_colors_info=&#8221;{}&#8221; module_class=&#8221;module-bottom&#8221; custom_padding=&#8221;0px||||false|false&#8221; sticky_enabled=&#8221;0&#8243;][et_pb_column type=&#8221;4_4&#8243; _builder_version=&#8221;4.27.4&#8243; _module_preset=&#8221;default&#8221; global_colors_info=&#8221;{}&#8221;][et_pb_text _builder_version=&#8221;4.27.4&#8243; _module_preset=&#8221;default&#8221; header_2_text_color=&#8221;#3e61aa&#8221; global_colors_info=&#8221;{}&#8221;]<\/p>\n<p data-start=\"119\" data-end=\"495\">Es un proyecto agroecol\u00f3gico que forma parte del modelo educativo de ECO, enfocado en la <strong data-start=\"222\" data-end=\"263\">educaci\u00f3n y habilitaci\u00f3n sociolaboral<\/strong>. A trav\u00e9s de la creaci\u00f3n y mantenimiento de un <strong data-start=\"311\" data-end=\"347\">huerto agroecol\u00f3gico sustentable<\/strong>, el alumnado aprende principios b\u00e1sicos de ciencias, desarrolla autonom\u00eda y adquiere habilidades laborales en un entorno pr\u00e1ctico y colaborativo.<\/p>\n<p data-start=\"497\" data-end=\"650\">El huerto se visita una vez por semana y est\u00e1 ubicado en Zaragoza 25, Barrio de Santiaguito, Ocoyoacac, a solo 45 minutos de nuestra Casa de Aprendizaje.<\/p>\n<p>[\/et_pb_text][et_pb_button button_url=&#8221;https:\/\/maps.app.goo.gl\/yqsTArhpTVCjwidy7&#8243; button_text=&#8221;\u00bfC\u00f3mo llegar? &#8221; button_alignment=&#8221;center&#8221; module_class=&#8221;btn btn&#8211;type1&#8243; _builder_version=&#8221;4.27.4&#8243; _module_preset=&#8221;default&#8221; custom_button=&#8221;on&#8221; button_use_icon=&#8221;off&#8221; hover_enabled=&#8221;0&#8243; global_colors_info=&#8221;{}&#8221; locked=&#8221;off&#8221; url_new_window=&#8221;on&#8221; sticky_enabled=&#8221;0&#8243;][\/et_pb_button][et_pb_code _builder_version=&#8221;4.27.4&#8243; _module_preset=&#8221;default&#8221; hover_enabled=&#8221;0&#8243; sticky_enabled=&#8221;0&#8243;]<iframe src=\"https:\/\/www.google.com\/maps\/embed?pb=!1m18!1m12!1m3!1d3766.2915526496395!2d-99.46303149999999!3d19.269683399999995!2m3!1f0!2f0!3f0!3m2!1i1024!2i768!4f13.1!3m3!1m2!1s0x85cdf42d97660857%3A0x328208aef2734b65!2sIgnacio%20Zaragoza%2025%2C%20Santiaguito%2C%2052755%20Ocoyoacac%2C%20M%C3%A9x.!5e0!3m2!1ses!2smx!4v1753744080874!5m2!1ses!2smx\" width=\"100%\" height=\"450\" style=\"border:0;\" allowfullscreen=\"\" loading=\"lazy\" referrerpolicy=\"no-referrer-when-downgrade\"><\/iframe>[\/et_pb_code][\/et_pb_column][\/et_pb_row][\/et_pb_section][et_pb_section fb_built=&#8221;1&#8243; theme_builder_area=&#8221;post_content&#8221; _builder_version=&#8221;4.27.4&#8243; _module_preset=&#8221;default&#8221; title_text=&#8221;Germina-background-2&#8243; background_image=&#8221;https:\/\/casaeco.mx\/wp-content\/uploads\/2025\/07\/Germina-background-2.jpg&#8221; background_position=&#8221;bottom_center&#8221; hover_enabled=&#8221;0&#8243; sticky_enabled=&#8221;0&#8243; custom_padding=&#8221;100px||||false|false&#8221;][et_pb_row _builder_version=&#8221;4.27.4&#8243; _module_preset=&#8221;default&#8221; theme_builder_area=&#8221;post_content&#8221;][et_pb_column _builder_version=&#8221;4.27.4&#8243; _module_preset=&#8221;default&#8221; type=&#8221;4_4&#8243; theme_builder_area=&#8221;post_content&#8221;][\/et_pb_column][\/et_pb_row][\/et_pb_section]<\/p>\n","protected":false},"excerpt":{"rendered":"<p>Es un proyecto agroecol\u00f3gico que forma parte del modelo educativo de ECO, enfocado en la educaci\u00f3n y habilitaci\u00f3n sociolaboral. A trav\u00e9s de la creaci\u00f3n y mantenimiento de un huerto agroecol\u00f3gico sustentable, el alumnado aprende principios b\u00e1sicos de ciencias, desarrolla autonom\u00eda y adquiere habilidades laborales en un entorno pr\u00e1ctico y colaborativo. El huerto se visita una [&hellip;]<\/p>\n","protected":false},"author":1,"featured_media":15,"parent":0,"menu_order":0,"comment_status":"closed","ping_status":"closed","template":"","meta":{"_et_pb_use_builder":"on","_et_pb_old_content":"","_et_gb_content_width":"","footnotes":""},"class_list":["post-482","page","type-page","status-publish","has-post-thumbnail","hentry"],"yoast_head":"<!-- This site is optimized with the Yoast SEO plugin v27.5 - https:\/\/yoast.com\/product\/yoast-seo-wordpress\/ -->\n<title>Germina - casaeco.mx<\/title>\n<meta name=\"robots\" content=\"index, follow, max-snippet:-1, max-image-preview:large, max-video-preview:-1\" \/>\n<link rel=\"canonical\" href=\"https:\/\/casaeco.mx\/en\/germina\/\" \/>\n<meta property=\"og:locale\" content=\"en_US\" \/>\n<meta property=\"og:type\" content=\"article\" \/>\n<meta property=\"og:title\" content=\"Germina - casaeco.mx\" \/>\n<meta property=\"og:description\" content=\"Es un proyecto agroecol\u00f3gico que forma parte del modelo educativo de ECO, enfocado en la educaci\u00f3n y habilitaci\u00f3n sociolaboral. A trav\u00e9s de la creaci\u00f3n y mantenimiento de un huerto agroecol\u00f3gico sustentable, el alumnado aprende principios b\u00e1sicos de ciencias, desarrolla autonom\u00eda y adquiere habilidades laborales en un entorno pr\u00e1ctico y colaborativo. El huerto se visita una [&hellip;]\" \/>\n<meta property=\"og:url\" content=\"https:\/\/casaeco.mx\/en\/germina\/\" \/>\n<meta property=\"og:site_name\" content=\"casaeco.mx\" \/>\n<meta property=\"article:modified_time\" content=\"2025-07-28T23:12:43+00:00\" \/>\n<meta property=\"og:image\" content=\"https:\/\/casaeco.mx\/wp-content\/uploads\/2024\/08\/share.png\" \/>\n\t<meta property=\"og:image:width\" content=\"1251\" \/>\n\t<meta property=\"og:image:height\" content=\"876\" \/>\n\t<meta property=\"og:image:type\" content=\"image\/png\" \/>\n<meta name=\"twitter:card\" content=\"summary_large_image\" \/>\n<meta name=\"twitter:label1\" content=\"Est. reading time\" \/>\n\t<meta name=\"twitter:data1\" content=\"1 minute\" \/>\n<script type=\"application\/ld+json\" class=\"yoast-schema-graph\">{\"@context\":\"https:\\\/\\\/schema.org\",\"@graph\":[{\"@type\":\"WebPage\",\"@id\":\"https:\\\/\\\/casaeco.mx\\\/germina\\\/\",\"url\":\"https:\\\/\\\/casaeco.mx\\\/germina\\\/\",\"name\":\"Germina - casaeco.mx\",\"isPartOf\":{\"@id\":\"https:\\\/\\\/casaeco.mx\\\/#website\"},\"primaryImageOfPage\":{\"@id\":\"https:\\\/\\\/casaeco.mx\\\/germina\\\/#primaryimage\"},\"image\":{\"@id\":\"https:\\\/\\\/casaeco.mx\\\/germina\\\/#primaryimage\"},\"thumbnailUrl\":\"https:\\\/\\\/casaeco.mx\\\/wp-content\\\/uploads\\\/2024\\\/08\\\/share.png\",\"datePublished\":\"2025-07-28T22:45:16+00:00\",\"dateModified\":\"2025-07-28T23:12:43+00:00\",\"breadcrumb\":{\"@id\":\"https:\\\/\\\/casaeco.mx\\\/germina\\\/#breadcrumb\"},\"inLanguage\":\"en-US\",\"potentialAction\":[{\"@type\":\"ReadAction\",\"target\":[\"https:\\\/\\\/casaeco.mx\\\/germina\\\/\"]}]},{\"@type\":\"ImageObject\",\"inLanguage\":\"en-US\",\"@id\":\"https:\\\/\\\/casaeco.mx\\\/germina\\\/#primaryimage\",\"url\":\"https:\\\/\\\/casaeco.mx\\\/wp-content\\\/uploads\\\/2024\\\/08\\\/share.png\",\"contentUrl\":\"https:\\\/\\\/casaeco.mx\\\/wp-content\\\/uploads\\\/2024\\\/08\\\/share.png\",\"width\":1251,\"height\":876},{\"@type\":\"BreadcrumbList\",\"@id\":\"https:\\\/\\\/casaeco.mx\\\/germina\\\/#breadcrumb\",\"itemListElement\":[{\"@type\":\"ListItem\",\"position\":1,\"name\":\"Inicio\",\"item\":\"https:\\\/\\\/casaeco.mx\\\/\"},{\"@type\":\"ListItem\",\"position\":2,\"name\":\"Germina\"}]},{\"@type\":\"WebSite\",\"@id\":\"https:\\\/\\\/casaeco.mx\\\/#website\",\"url\":\"https:\\\/\\\/casaeco.mx\\\/\",\"name\":\"casaeco.mx\",\"description\":\"\",\"publisher\":{\"@id\":\"https:\\\/\\\/casaeco.mx\\\/#organization\"},\"potentialAction\":[{\"@type\":\"SearchAction\",\"target\":{\"@type\":\"EntryPoint\",\"urlTemplate\":\"https:\\\/\\\/casaeco.mx\\\/?s={search_term_string}\"},\"query-input\":{\"@type\":\"PropertyValueSpecification\",\"valueRequired\":true,\"valueName\":\"search_term_string\"}}],\"inLanguage\":\"en-US\"},{\"@type\":\"Organization\",\"@id\":\"https:\\\/\\\/casaeco.mx\\\/#organization\",\"name\":\"Casa ECO\",\"url\":\"https:\\\/\\\/casaeco.mx\\\/\",\"logo\":{\"@type\":\"ImageObject\",\"inLanguage\":\"en-US\",\"@id\":\"https:\\\/\\\/casaeco.mx\\\/#\\\/schema\\\/logo\\\/image\\\/\",\"url\":\"https:\\\/\\\/casaeco.mx\\\/wp-content\\\/uploads\\\/2024\\\/08\\\/share.png\",\"contentUrl\":\"https:\\\/\\\/casaeco.mx\\\/wp-content\\\/uploads\\\/2024\\\/08\\\/share.png\",\"width\":1251,\"height\":876,\"caption\":\"Casa ECO\"},\"image\":{\"@id\":\"https:\\\/\\\/casaeco.mx\\\/#\\\/schema\\\/logo\\\/image\\\/\"}}]}<\/script>\n<!-- \/ Yoast SEO plugin. -->","yoast_head_json":{"title":"Germina - casaeco.mx","robots":{"index":"index","follow":"follow","max-snippet":"max-snippet:-1","max-image-preview":"max-image-preview:large","max-video-preview":"max-video-preview:-1"},"canonical":"https:\/\/casaeco.mx\/en\/germina\/","og_locale":"en_US","og_type":"article","og_title":"Germina - casaeco.mx","og_description":"Es un proyecto agroecol\u00f3gico que forma parte del modelo educativo de ECO, enfocado en la educaci\u00f3n y habilitaci\u00f3n sociolaboral. A trav\u00e9s de la creaci\u00f3n y mantenimiento de un huerto agroecol\u00f3gico sustentable, el alumnado aprende principios b\u00e1sicos de ciencias, desarrolla autonom\u00eda y adquiere habilidades laborales en un entorno pr\u00e1ctico y colaborativo. El huerto se visita una [&hellip;]","og_url":"https:\/\/casaeco.mx\/en\/germina\/","og_site_name":"casaeco.mx","article_modified_time":"2025-07-28T23:12:43+00:00","og_image":[{"width":1251,"height":876,"url":"https:\/\/casaeco.mx\/wp-content\/uploads\/2024\/08\/share.png","type":"image\/png"}],"twitter_card":"summary_large_image","twitter_misc":{"Est. reading time":"1 minute"},"schema":{"@context":"https:\/\/schema.org","@graph":[{"@type":"WebPage","@id":"https:\/\/casaeco.mx\/germina\/","url":"https:\/\/casaeco.mx\/germina\/","name":"Germina - casaeco.mx","isPartOf":{"@id":"https:\/\/casaeco.mx\/#website"},"primaryImageOfPage":{"@id":"https:\/\/casaeco.mx\/germina\/#primaryimage"},"image":{"@id":"https:\/\/casaeco.mx\/germina\/#primaryimage"},"thumbnailUrl":"https:\/\/casaeco.mx\/wp-content\/uploads\/2024\/08\/share.png","datePublished":"2025-07-28T22:45:16+00:00","dateModified":"2025-07-28T23:12:43+00:00","breadcrumb":{"@id":"https:\/\/casaeco.mx\/germina\/#breadcrumb"},"inLanguage":"en-US","potentialAction":[{"@type":"ReadAction","target":["https:\/\/casaeco.mx\/germina\/"]}]},{"@type":"ImageObject","inLanguage":"en-US","@id":"https:\/\/casaeco.mx\/germina\/#primaryimage","url":"https:\/\/casaeco.mx\/wp-content\/uploads\/2024\/08\/share.png","contentUrl":"https:\/\/casaeco.mx\/wp-content\/uploads\/2024\/08\/share.png","width":1251,"height":876},{"@type":"BreadcrumbList","@id":"https:\/\/casaeco.mx\/germina\/#breadcrumb","itemListElement":[{"@type":"ListItem","position":1,"name":"Inicio","item":"https:\/\/casaeco.mx\/"},{"@type":"ListItem","position":2,"name":"Germina"}]},{"@type":"WebSite","@id":"https:\/\/casaeco.mx\/#website","url":"https:\/\/casaeco.mx\/","name":"casaeco.mx","description":"","publisher":{"@id":"https:\/\/casaeco.mx\/#organization"},"potentialAction":[{"@type":"SearchAction","target":{"@type":"EntryPoint","urlTemplate":"https:\/\/casaeco.mx\/?s={search_term_string}"},"query-input":{"@type":"PropertyValueSpecification","valueRequired":true,"valueName":"search_term_string"}}],"inLanguage":"en-US"},{"@type":"Organization","@id":"https:\/\/casaeco.mx\/#organization","name":"Casa ECO","url":"https:\/\/casaeco.mx\/","logo":{"@type":"ImageObject","inLanguage":"en-US","@id":"https:\/\/casaeco.mx\/#\/schema\/logo\/image\/","url":"https:\/\/casaeco.mx\/wp-content\/uploads\/2024\/08\/share.png","contentUrl":"https:\/\/casaeco.mx\/wp-content\/uploads\/2024\/08\/share.png","width":1251,"height":876,"caption":"Casa ECO"},"image":{"@id":"https:\/\/casaeco.mx\/#\/schema\/logo\/image\/"}}]}},"_links":{"self":[{"href":"https:\/\/casaeco.mx\/en\/wp-json\/wp\/v2\/pages\/482","targetHints":{"allow":["GET"]}}],"collection":[{"href":"https:\/\/casaeco.mx\/en\/wp-json\/wp\/v2\/pages"}],"about":[{"href":"https:\/\/casaeco.mx\/en\/wp-json\/wp\/v2\/types\/page"}],"author":[{"embeddable":true,"href":"https:\/\/casaeco.mx\/en\/wp-json\/wp\/v2\/users\/1"}],"replies":[{"embeddable":true,"href":"https:\/\/casaeco.mx\/en\/wp-json\/wp\/v2\/comments?post=482"}],"version-history":[{"count":4,"href":"https:\/\/casaeco.mx\/en\/wp-json\/wp\/v2\/pages\/482\/revisions"}],"predecessor-version":[{"id":492,"href":"https:\/\/casaeco.mx\/en\/wp-json\/wp\/v2\/pages\/482\/revisions\/492"}],"wp:featuredmedia":[{"embeddable":true,"href":"https:\/\/casaeco.mx\/en\/wp-json\/wp\/v2\/media\/15"}],"wp:attachment":[{"href":"https:\/\/casaeco.mx\/en\/wp-json\/wp\/v2\/media?parent=482"}],"curies":[{"name":"wp","href":"https:\/\/api.w.org\/{rel}","templated":true}]}}