{"id":204,"date":"2024-09-08T01:31:53","date_gmt":"2024-09-07T19:31:53","guid":{"rendered":"https:\/\/casaeco.mx\/?page_id=204"},"modified":"2025-06-26T08:52:26","modified_gmt":"2025-06-26T02:52:26","slug":"blog","status":"publish","type":"page","link":"https:\/\/casaeco.mx\/en\/blog\/","title":{"rendered":"Blog"},"content":{"rendered":"\n[et_pb_section fb_built=&#8221;1&#8243; admin_label=&#8221;Header&#8221; _builder_version=&#8221;4.27.0&#8243; _module_preset=&#8221;default&#8221; background_enable_color=&#8221;off&#8221; background_image=&#8221;https:\/\/casaeco.mx\/wp-content\/uploads\/2024\/09\/back-contact-2.jpg&#8221; background_position=&#8221;bottom_left&#8221; collapsed=&#8221;on&#8221; global_colors_info=&#8221;{%22gcid-ae2718f9-596d-4e4c-a089-a3606cb7bdc2%22:%91%22background_color%22%93}&#8221;][et_pb_row _builder_version=&#8221;4.23.2&#8243; _module_preset=&#8221;default&#8221; global_colors_info=&#8221;{}&#8221;][et_pb_column type=&#8221;4_4&#8243; _builder_version=&#8221;4.23.2&#8243; _module_preset=&#8221;default&#8221; global_colors_info=&#8221;{}&#8221;][et_pb_text _builder_version=&#8221;4.27.0&#8243; _module_preset=&#8221;225ea50e-03c6-49b0-bb5c-83a67632d9e5&#8243; header_text_color=&#8221;#000000&#8243; text_orientation=&#8221;center&#8221; global_colors_info=&#8221;{}&#8221;]<h1 style=\"text-align: left;\">Nuestro blog<\/h1>[\/et_pb_text][\/et_pb_column][\/et_pb_row][\/et_pb_section][et_pb_section fb_built=&#8221;1&#8243; admin_label=&#8221;Blog&#8221; _builder_version=&#8221;4.23.2&#8243; _module_preset=&#8221;default&#8221; collapsed=&#8221;on&#8221; global_colors_info=&#8221;{}&#8221;][et_pb_row custom_padding_last_edited=&#8221;on|phone&#8221; _builder_version=&#8221;4.27.0&#8243; _module_preset=&#8221;default&#8221; custom_padding_tablet=&#8221;&#8221; custom_padding_phone=&#8221;0px||0px||true|false&#8221; global_colors_info=&#8221;{}&#8221;][et_pb_column type=&#8221;4_4&#8243; _builder_version=&#8221;4.23.2&#8243; _module_preset=&#8221;default&#8221; global_colors_info=&#8221;{}&#8221;][et_pb_blog posts_number=&#8221;6&#8243; include_categories=&#8221;20&#8243; show_more=&#8221;on&#8221; show_author=&#8221;off&#8221; show_date=&#8221;off&#8221; module_class=&#8221;blog-grid&#8221; _builder_version=&#8221;4.27.0&#8243; _module_preset=&#8221;default&#8221; header_font=&#8221;Playfair Display|700|||||||&#8221; header_text_color=&#8221;gcid-d15821fb-ca65-4f29-bfd5-ea044f046af4&#8243; header_font_size=&#8221;18px&#8221; header_line_height=&#8221;1.4em&#8221; body_font=&#8221;Barlow||||||||&#8221; body_text_color=&#8221;gcid-d15821fb-ca65-4f29-bfd5-ea044f046af4&#8243; body_line_height=&#8221;1.8em&#8221; meta_font=&#8221;Barlow|600|||||||&#8221; meta_text_color=&#8221;gcid-d15821fb-ca65-4f29-bfd5-ea044f046af4&#8243; meta_font_size=&#8221;14px&#8221; read_more_font=&#8221;Barlow|700||on|||||&#8221; read_more_text_color=&#8221;gcid-70a4cb88-6be4-4382-9c6e-92484a1d05ec&#8221; read_more_letter_spacing=&#8221;1px&#8221; read_more_line_height=&#8221;1.4em&#8221; pagination_font=&#8221;Barlow|600|||||||&#8221; pagination_text_color=&#8221;gcid-867350b7-392a-40e2-89b3-a1ca20a75c7d&#8221; pagination_font_size=&#8221;20px&#8221; header_font_size_tablet=&#8221;16px&#8221; header_font_size_phone=&#8221;15px&#8221; header_font_size_last_edited=&#8221;on|desktop&#8221; pagination_font_size_tablet=&#8221;16px&#8221; pagination_font_size_phone=&#8221;14px&#8221; pagination_font_size_last_edited=&#8221;on|desktop&#8221; border_width_all=&#8221;0px&#8221; locked=&#8221;off&#8221; global_colors_info=&#8221;{%22gcid-d15821fb-ca65-4f29-bfd5-ea044f046af4%22:%91%22header_text_color%22,%22body_text_color%22,%22meta_text_color%22%93,%22gcid-70a4cb88-6be4-4382-9c6e-92484a1d05ec%22:%91%22read_more_text_color%22%93,%22gcid-867350b7-392a-40e2-89b3-a1ca20a75c7d%22:%91%22pagination_text_color%22%93}&#8221; header_4_font_size_tablet=&#8221;16px&#8221; header_4_font_size_phone=&#8221;15px&#8221; header_4_font_size_last_edited=&#8221;on|desktop&#8221;][\/et_pb_blog][\/et_pb_column][\/et_pb_row][\/et_pb_section][et_pb_section fb_built=&#8221;1&#8243; admin_label=&#8221;Video &#038; CTA&#8221; _builder_version=&#8221;4.27.4&#8243; _module_preset=&#8221;default&#8221; background_color=&#8221;#f8b200&#8243; custom_padding=&#8221;||0px||false|false&#8221; hover_enabled=&#8221;0&#8243; locked=&#8221;off&#8221; collapsed=&#8221;on&#8221; global_colors_info=&#8221;{}&#8221; disabled_on=&#8221;on|on|on&#8221; disabled=&#8221;on&#8221; sticky_enabled=&#8221;0&#8243;][et_pb_row column_structure=&#8221;2_3,1_3&#8243; _builder_version=&#8221;4.22.1&#8243; _module_preset=&#8221;default&#8221; global_colors_info=&#8221;{}&#8221;][et_pb_column type=&#8221;2_3&#8243; _builder_version=&#8221;4.22.1&#8243; _module_preset=&#8221;default&#8221; global_colors_info=&#8221;{}&#8221;][et_pb_text _builder_version=&#8221;4.27.0&#8243; _module_preset=&#8221;17a9b0c3-10a5-45fa-9187-fcd61544f3f6&#8243; header_2_text_color=&#8221;#FFFFFF&#8221; global_colors_info=&#8221;{}&#8221;]<h2>Cake pie caramels cake candy jujubes sugar.<\/h2>[\/et_pb_text][\/et_pb_column][et_pb_column type=&#8221;1_3&#8243; _builder_version=&#8221;4.22.1&#8243; _module_preset=&#8221;default&#8221; global_colors_info=&#8221;{}&#8221;][et_pb_text module_class=&#8221;text-white&#8221; _builder_version=&#8221;4.27.0&#8243; _module_preset=&#8221;f5ba8584-4e60-485d-a9e6-a3e7525c0a70&#8243; text_text_color=&#8221;#FFFFFF&#8221; global_colors_info=&#8221;{}&#8221;]<p>We are very excited about all the work Divi Wind has done. They give their best work every time and don\u2019t let us find a single fault in the work they do.<\/p>[\/et_pb_text][et_pb_button button_text=&#8221;Saber m\u00e1s&#8221; module_class=&#8221;btn btn&#8211;type1&#8243; _builder_version=&#8221;4.27.0&#8243; _module_preset=&#8221;default&#8221; custom_button=&#8221;on&#8221; button_use_icon=&#8221;off&#8221; global_colors_info=&#8221;{}&#8221;][\/et_pb_button][\/et_pb_column][\/et_pb_row][\/et_pb_section]\n","protected":false},"excerpt":{"rendered":"<p>Nuestro blogCake pie caramels cake candy jujubes sugar.We are very excited about all the work Divi Wind has done. They give their best work every time and don\u2019t let us find a single fault in the work they do.<\/p>","protected":false},"author":1,"featured_media":15,"parent":0,"menu_order":0,"comment_status":"closed","ping_status":"closed","template":"","meta":{"_et_pb_use_builder":"on","_et_pb_old_content":"","_et_gb_content_width":"","footnotes":""},"class_list":["post-204","page","type-page","status-publish","has-post-thumbnail","hentry"],"yoast_head":"<!-- This site is optimized with the Yoast SEO plugin v27.5 - https:\/\/yoast.com\/product\/yoast-seo-wordpress\/ -->\n<title>Blog para Familias | Educaci\u00f3n | Crianza | Neurodiversidades<\/title>\n<meta name=\"description\" content=\"Un espacio con informaci\u00f3n y consejos para ti. Explora nuestros art\u00edculos sobre educaci\u00f3n, crianza, adolescencia, TDA, TDAH, TEA y m\u00e1s. En ECO te acompa\u00f1amos.\" \/>\n<meta name=\"robots\" content=\"index, follow, max-snippet:-1, max-image-preview:large, max-video-preview:-1\" \/>\n<link rel=\"canonical\" href=\"https:\/\/casaeco.mx\/en\/blog\/\" \/>\n<meta property=\"og:locale\" content=\"en_US\" \/>\n<meta property=\"og:type\" content=\"article\" \/>\n<meta property=\"og:title\" content=\"Blog para Familias | Educaci\u00f3n | Crianza | Neurodiversidades\" \/>\n<meta property=\"og:description\" content=\"Un espacio con informaci\u00f3n y consejos para ti. Explora nuestros art\u00edculos sobre educaci\u00f3n, crianza, adolescencia, TDA, TDAH, TEA y m\u00e1s. En ECO te acompa\u00f1amos.\" \/>\n<meta property=\"og:url\" content=\"https:\/\/casaeco.mx\/en\/blog\/\" \/>\n<meta property=\"og:site_name\" content=\"casaeco.mx\" \/>\n<meta property=\"article:modified_time\" content=\"2025-06-26T02:52:26+00:00\" \/>\n<meta property=\"og:image\" content=\"https:\/\/casaeco.mx\/wp-content\/uploads\/2024\/08\/share.png\" \/>\n\t<meta property=\"og:image:width\" content=\"1251\" \/>\n\t<meta property=\"og:image:height\" content=\"876\" \/>\n\t<meta property=\"og:image:type\" content=\"image\/png\" \/>\n<meta name=\"twitter:card\" content=\"summary_large_image\" \/>\n<meta name=\"twitter:label1\" content=\"Est. reading time\" \/>\n\t<meta name=\"twitter:data1\" content=\"2 minutes\" \/>\n<script type=\"application\/ld+json\" class=\"yoast-schema-graph\">{\"@context\":\"https:\\\/\\\/schema.org\",\"@graph\":[{\"@type\":\"WebPage\",\"@id\":\"https:\\\/\\\/casaeco.mx\\\/blog\\\/\",\"url\":\"https:\\\/\\\/casaeco.mx\\\/blog\\\/\",\"name\":\"Blog para Familias | Educaci\u00f3n | Crianza | Neurodiversidades\",\"isPartOf\":{\"@id\":\"https:\\\/\\\/casaeco.mx\\\/#website\"},\"primaryImageOfPage\":{\"@id\":\"https:\\\/\\\/casaeco.mx\\\/blog\\\/#primaryimage\"},\"image\":{\"@id\":\"https:\\\/\\\/casaeco.mx\\\/blog\\\/#primaryimage\"},\"thumbnailUrl\":\"https:\\\/\\\/casaeco.mx\\\/wp-content\\\/uploads\\\/2024\\\/08\\\/share.png\",\"datePublished\":\"2024-09-07T19:31:53+00:00\",\"dateModified\":\"2025-06-26T02:52:26+00:00\",\"description\":\"Un espacio con informaci\u00f3n y consejos para ti. Explora nuestros art\u00edculos sobre educaci\u00f3n, crianza, adolescencia, TDA, TDAH, TEA y m\u00e1s. En ECO te acompa\u00f1amos.\",\"breadcrumb\":{\"@id\":\"https:\\\/\\\/casaeco.mx\\\/blog\\\/#breadcrumb\"},\"inLanguage\":\"en-US\",\"potentialAction\":[{\"@type\":\"ReadAction\",\"target\":[\"https:\\\/\\\/casaeco.mx\\\/blog\\\/\"]}]},{\"@type\":\"ImageObject\",\"inLanguage\":\"en-US\",\"@id\":\"https:\\\/\\\/casaeco.mx\\\/blog\\\/#primaryimage\",\"url\":\"https:\\\/\\\/casaeco.mx\\\/wp-content\\\/uploads\\\/2024\\\/08\\\/share.png\",\"contentUrl\":\"https:\\\/\\\/casaeco.mx\\\/wp-content\\\/uploads\\\/2024\\\/08\\\/share.png\",\"width\":1251,\"height\":876},{\"@type\":\"BreadcrumbList\",\"@id\":\"https:\\\/\\\/casaeco.mx\\\/blog\\\/#breadcrumb\",\"itemListElement\":[{\"@type\":\"ListItem\",\"position\":1,\"name\":\"Inicio\",\"item\":\"https:\\\/\\\/casaeco.mx\\\/\"},{\"@type\":\"ListItem\",\"position\":2,\"name\":\"Blog\"}]},{\"@type\":\"WebSite\",\"@id\":\"https:\\\/\\\/casaeco.mx\\\/#website\",\"url\":\"https:\\\/\\\/casaeco.mx\\\/\",\"name\":\"casaeco.mx\",\"description\":\"\",\"publisher\":{\"@id\":\"https:\\\/\\\/casaeco.mx\\\/#organization\"},\"potentialAction\":[{\"@type\":\"SearchAction\",\"target\":{\"@type\":\"EntryPoint\",\"urlTemplate\":\"https:\\\/\\\/casaeco.mx\\\/?s={search_term_string}\"},\"query-input\":{\"@type\":\"PropertyValueSpecification\",\"valueRequired\":true,\"valueName\":\"search_term_string\"}}],\"inLanguage\":\"en-US\"},{\"@type\":\"Organization\",\"@id\":\"https:\\\/\\\/casaeco.mx\\\/#organization\",\"name\":\"Casa ECO\",\"url\":\"https:\\\/\\\/casaeco.mx\\\/\",\"logo\":{\"@type\":\"ImageObject\",\"inLanguage\":\"en-US\",\"@id\":\"https:\\\/\\\/casaeco.mx\\\/#\\\/schema\\\/logo\\\/image\\\/\",\"url\":\"https:\\\/\\\/casaeco.mx\\\/wp-content\\\/uploads\\\/2024\\\/08\\\/share.png\",\"contentUrl\":\"https:\\\/\\\/casaeco.mx\\\/wp-content\\\/uploads\\\/2024\\\/08\\\/share.png\",\"width\":1251,\"height\":876,\"caption\":\"Casa ECO\"},\"image\":{\"@id\":\"https:\\\/\\\/casaeco.mx\\\/#\\\/schema\\\/logo\\\/image\\\/\"}}]}<\/script>\n<!-- \/ Yoast SEO plugin. -->","yoast_head_json":{"title":"Blog para Familias | Educaci\u00f3n | Crianza | Neurodiversidades","description":"Un espacio con informaci\u00f3n y consejos para ti. Explora nuestros art\u00edculos sobre educaci\u00f3n, crianza, adolescencia, TDA, TDAH, TEA y m\u00e1s. En ECO te acompa\u00f1amos.","robots":{"index":"index","follow":"follow","max-snippet":"max-snippet:-1","max-image-preview":"max-image-preview:large","max-video-preview":"max-video-preview:-1"},"canonical":"https:\/\/casaeco.mx\/en\/blog\/","og_locale":"en_US","og_type":"article","og_title":"Blog para Familias | Educaci\u00f3n | Crianza | Neurodiversidades","og_description":"Un espacio con informaci\u00f3n y consejos para ti. Explora nuestros art\u00edculos sobre educaci\u00f3n, crianza, adolescencia, TDA, TDAH, TEA y m\u00e1s. En ECO te acompa\u00f1amos.","og_url":"https:\/\/casaeco.mx\/en\/blog\/","og_site_name":"casaeco.mx","article_modified_time":"2025-06-26T02:52:26+00:00","og_image":[{"width":1251,"height":876,"url":"https:\/\/casaeco.mx\/wp-content\/uploads\/2024\/08\/share.png","type":"image\/png"}],"twitter_card":"summary_large_image","twitter_misc":{"Est. reading time":"2 minutes"},"schema":{"@context":"https:\/\/schema.org","@graph":[{"@type":"WebPage","@id":"https:\/\/casaeco.mx\/blog\/","url":"https:\/\/casaeco.mx\/blog\/","name":"Blog para Familias | Educaci\u00f3n | Crianza | Neurodiversidades","isPartOf":{"@id":"https:\/\/casaeco.mx\/#website"},"primaryImageOfPage":{"@id":"https:\/\/casaeco.mx\/blog\/#primaryimage"},"image":{"@id":"https:\/\/casaeco.mx\/blog\/#primaryimage"},"thumbnailUrl":"https:\/\/casaeco.mx\/wp-content\/uploads\/2024\/08\/share.png","datePublished":"2024-09-07T19:31:53+00:00","dateModified":"2025-06-26T02:52:26+00:00","description":"Un espacio con informaci\u00f3n y consejos para ti. Explora nuestros art\u00edculos sobre educaci\u00f3n, crianza, adolescencia, TDA, TDAH, TEA y m\u00e1s. En ECO te acompa\u00f1amos.","breadcrumb":{"@id":"https:\/\/casaeco.mx\/blog\/#breadcrumb"},"inLanguage":"en-US","potentialAction":[{"@type":"ReadAction","target":["https:\/\/casaeco.mx\/blog\/"]}]},{"@type":"ImageObject","inLanguage":"en-US","@id":"https:\/\/casaeco.mx\/blog\/#primaryimage","url":"https:\/\/casaeco.mx\/wp-content\/uploads\/2024\/08\/share.png","contentUrl":"https:\/\/casaeco.mx\/wp-content\/uploads\/2024\/08\/share.png","width":1251,"height":876},{"@type":"BreadcrumbList","@id":"https:\/\/casaeco.mx\/blog\/#breadcrumb","itemListElement":[{"@type":"ListItem","position":1,"name":"Inicio","item":"https:\/\/casaeco.mx\/"},{"@type":"ListItem","position":2,"name":"Blog"}]},{"@type":"WebSite","@id":"https:\/\/casaeco.mx\/#website","url":"https:\/\/casaeco.mx\/","name":"casaeco.mx","description":"","publisher":{"@id":"https:\/\/casaeco.mx\/#organization"},"potentialAction":[{"@type":"SearchAction","target":{"@type":"EntryPoint","urlTemplate":"https:\/\/casaeco.mx\/?s={search_term_string}"},"query-input":{"@type":"PropertyValueSpecification","valueRequired":true,"valueName":"search_term_string"}}],"inLanguage":"en-US"},{"@type":"Organization","@id":"https:\/\/casaeco.mx\/#organization","name":"Casa ECO","url":"https:\/\/casaeco.mx\/","logo":{"@type":"ImageObject","inLanguage":"en-US","@id":"https:\/\/casaeco.mx\/#\/schema\/logo\/image\/","url":"https:\/\/casaeco.mx\/wp-content\/uploads\/2024\/08\/share.png","contentUrl":"https:\/\/casaeco.mx\/wp-content\/uploads\/2024\/08\/share.png","width":1251,"height":876,"caption":"Casa ECO"},"image":{"@id":"https:\/\/casaeco.mx\/#\/schema\/logo\/image\/"}}]}},"_links":{"self":[{"href":"https:\/\/casaeco.mx\/en\/wp-json\/wp\/v2\/pages\/204","targetHints":{"allow":["GET"]}}],"collection":[{"href":"https:\/\/casaeco.mx\/en\/wp-json\/wp\/v2\/pages"}],"about":[{"href":"https:\/\/casaeco.mx\/en\/wp-json\/wp\/v2\/types\/page"}],"author":[{"embeddable":true,"href":"https:\/\/casaeco.mx\/en\/wp-json\/wp\/v2\/users\/1"}],"replies":[{"embeddable":true,"href":"https:\/\/casaeco.mx\/en\/wp-json\/wp\/v2\/comments?post=204"}],"version-history":[{"count":8,"href":"https:\/\/casaeco.mx\/en\/wp-json\/wp\/v2\/pages\/204\/revisions"}],"predecessor-version":[{"id":430,"href":"https:\/\/casaeco.mx\/en\/wp-json\/wp\/v2\/pages\/204\/revisions\/430"}],"wp:featuredmedia":[{"embeddable":true,"href":"https:\/\/casaeco.mx\/en\/wp-json\/wp\/v2\/media\/15"}],"wp:attachment":[{"href":"https:\/\/casaeco.mx\/en\/wp-json\/wp\/v2\/media?parent=204"}],"curies":[{"name":"wp","href":"https:\/\/api.w.org\/{rel}","templated":true}]}}